{"id":93,"date":"2023-12-21T10:24:33","date_gmt":"2023-12-21T10:24:33","guid":{"rendered":"https:\/\/evisa.xpressbuddy.com\/?page_id=93"},"modified":"2025-10-25T10:00:05","modified_gmt":"2025-10-25T10:00:05","slug":"events","status":"publish","type":"page","link":"https:\/\/drccold-ccgb.org\/en\/events\/","title":{"rendered":"Our events"},"content":{"rendered":"<div data-elementor-type=\"wp-page\" data-elementor-id=\"93\" class=\"elementor elementor-93\" data-elementor-post-type=\"page\">\n\t\t\t\t<div class=\"elementor-element elementor-element-b0314c8 e-flex e-con-boxed e-con e-parent\" data-id=\"b0314c8\" data-element_type=\"container\">\n\t\t\t\t\t<div class=\"e-con-inner\">\n\t\t<div class=\"elementor-element elementor-element-2dd6fb8 e-con-full e-flex e-con e-child\" data-id=\"2dd6fb8\" data-element_type=\"container\">\n\t\t\t\t<div class=\"elementor-element elementor-element-5da8dd4 elementor-cta--skin-classic elementor-animated-content elementor-bg-transform elementor-bg-transform-zoom-in elementor-widget elementor-widget-call-to-action\" data-id=\"5da8dd4\" data-element_type=\"widget\" data-widget_type=\"call-to-action.default\">\n\t\t\t\t<div class=\"elementor-widget-container\">\n\t\t\t\t\t\t\t<a class=\"elementor-cta\" href=\"https:\/\/drccold-ccgb.org\/en\/event-2-details\/\">\n\t\t\t\t\t<div class=\"elementor-cta__bg-wrapper\">\n\t\t\t\t<div class=\"elementor-cta__bg elementor-bg\" style=\"background-image: url(https:\/\/drccold-ccgb.org\/wp-content\/uploads\/2025\/03\/WhatsApp-Image-2025-02-19-at-08.18.01-1-1.jpeg);\" role=\"img\" aria-label=\"WhatsApp Image 2025-02-19 at 08.18.01 (1)\"><\/div>\n\t\t\t\t<div class=\"elementor-cta__bg-overlay\"><\/div>\n\t\t\t<\/div>\n\t\t\t\t\t\t\t<div class=\"elementor-cta__content\">\n\t\t\t\t\n\t\t\t\t\t\t\t\t\t<h2 class=\"elementor-cta__title elementor-cta__content-item elementor-content-item\">\n\t\t\t\t\t\tCCGB 2024 Annual Conference\t\t\t\t\t<\/h2>\n\t\t\t\t\n\t\t\t\t\t\t\t\t\t<div class=\"elementor-cta__description elementor-cta__content-item elementor-content-item\">\n\t\t\t\t\t\tClick on the button below to find out more about the conference, the program and the image gallery.\t\t\t\t\t<\/div>\n\t\t\t\t\n\t\t\t\t\t\t\t\t\t<div class=\"elementor-cta__button-wrapper elementor-cta__content-item elementor-content-item\">\n\t\t\t\t\t<span class=\"elementor-cta__button elementor-button elementor-size-\">\n\t\t\t\t\t\tClick here\t\t\t\t\t<\/span>\n\t\t\t\t\t<\/div>\n\t\t\t\t\t\t\t<\/div>\n\t\t\t\t\t\t\t<div class=\"elementor-ribbon\">\n\t\t\t\t<div class=\"elementor-ribbon-inner\">2024<\/div>\n\t\t\t<\/div>\n\t\t\t\t<\/a>\n\t\t\t\t\t\t<\/div>\n\t\t\t\t<\/div>\n\t\t\t\t<\/div>\n\t\t<div class=\"elementor-element elementor-element-1a1f710 e-con-full e-flex e-con e-child\" data-id=\"1a1f710\" data-element_type=\"container\">\n\t\t\t\t<div class=\"elementor-element elementor-element-b8774b5 elementor-cta--skin-classic elementor-animated-content elementor-bg-transform elementor-bg-transform-zoom-in elementor-widget elementor-widget-call-to-action\" data-id=\"b8774b5\" data-element_type=\"widget\" data-widget_type=\"call-to-action.default\">\n\t\t\t\t<div class=\"elementor-widget-container\">\n\t\t\t\t\t\t\t<div class=\"elementor-cta\">\n\t\t\t\t\t<div class=\"elementor-cta__bg-wrapper\">\n\t\t\t\t<div class=\"elementor-cta__bg elementor-bg\" style=\"background-image: url(https:\/\/drccold-ccgb.org\/wp-content\/uploads\/2025\/04\/WhatsApp-Image-2025-04-05-at-18.22.40.jpeg);\" role=\"img\" aria-label=\"WhatsApp Image 2025-04-05 at 18.22.40\"><\/div>\n\t\t\t\t<div class=\"elementor-cta__bg-overlay\"><\/div>\n\t\t\t<\/div>\n\t\t\t\t\t\t\t<div class=\"elementor-cta__content\">\n\t\t\t\t\n\t\t\t\t\t\t\t\t\t<h2 class=\"elementor-cta__title elementor-cta__content-item elementor-content-item\">\n\t\t\t\t\t\tCCGB 2025 Annual Conference\t\t\t\t\t<\/h2>\n\t\t\t\t\n\t\t\t\t\t\t\t\t\t<div class=\"elementor-cta__description elementor-cta__content-item elementor-content-item\">\n\t\t\t\t\t\tThis conference was held in Kolwezi from August 21 to 23, 2025, under the theme: \"More and better dams for an emerging Congo\".\nClick below to find out more.\t\t\t\t\t<\/div>\n\t\t\t\t\n\t\t\t\t\t\t\t\t\t<div class=\"elementor-cta__button-wrapper elementor-cta__content-item elementor-content-item\">\n\t\t\t\t\t<a class=\"elementor-cta__button elementor-button elementor-size-\" href=\"https:\/\/drccold-ccgb.org\/en\/event-details\/\">\n\t\t\t\t\t\tRead more\t\t\t\t\t<\/a>\n\t\t\t\t\t<\/div>\n\t\t\t\t\t\t\t<\/div>\n\t\t\t\t\t\t\t<div class=\"elementor-ribbon\">\n\t\t\t\t<div class=\"elementor-ribbon-inner\">2025<\/div>\n\t\t\t<\/div>\n\t\t\t\t<\/div>\n\t\t\t\t\t\t<\/div>\n\t\t\t\t<\/div>\n\t\t\t\t<\/div>\n\t\t\t\t\t<\/div>\n\t\t\t\t<\/div>\n\t\t<div class=\"elementor-element elementor-element-451e3a1 e-flex e-con-boxed e-con e-parent\" data-id=\"451e3a1\" data-element_type=\"container\">\n\t\t\t\t\t<div class=\"e-con-inner\">\n\t\t\t\t\t<\/div>\n\t\t\t\t<\/div>\n\t\t\t\t<section class=\"elementor-section elementor-top-section elementor-element elementor-element-f5b89dc elementor-section-boxed elementor-section-height-default elementor-section-height-default\" data-id=\"f5b89dc\" data-element_type=\"section\">\n\t\t\t\t\t\t<div class=\"elementor-container elementor-column-gap-default\">\n\t\t\t\t\t<div class=\"elementor-column elementor-col-100 elementor-top-column elementor-element elementor-element-f954347\" data-id=\"f954347\" data-element_type=\"column\">\n\t\t\t<div class=\"elementor-widget-wrap elementor-element-populated\">\n\t\t\t\t\t\t<div class=\"elementor-element elementor-element-33f6c33 elementor-widget elementor-widget-text-editor\" data-id=\"33f6c33\" data-element_type=\"widget\" data-widget_type=\"text-editor.default\">\n\t\t\t\t<div class=\"elementor-widget-container\">\n\t\t\t\t\t\t\t\t\t<p>More surprises to come...<\/p>\t\t\t\t\t\t\t\t<\/div>\n\t\t\t\t<\/div>\n\t\t\t\t\t<\/div>\n\t\t<\/div>\n\t\t\t\t\t<\/div>\n\t\t<\/section>\n\t\t\t\t<section class=\"elementor-section elementor-top-section elementor-element elementor-element-1f18547 elementor-section-full_width elementor-section-height-default elementor-section-height-default\" data-id=\"1f18547\" data-element_type=\"section\">\n\t\t\t\t\t\t<div class=\"elementor-container elementor-column-gap-default\">\n\t\t\t\t\t<div class=\"elementor-column elementor-col-100 elementor-top-column elementor-element elementor-element-2edd29d\" data-id=\"2edd29d\" data-element_type=\"column\">\n\t\t\t<div class=\"elementor-widget-wrap elementor-element-populated\">\n\t\t\t\t\t\t<div class=\"elementor-element elementor-element-d51753c elementor-widget elementor-widget-int-brand\" data-id=\"d51753c\" data-element_type=\"widget\" data-widget_type=\"int-brand.default\">\n\t\t\t\t<div class=\"elementor-widget-container\">\n\t\t\t\t\t\r\n        <section class=\"brand pt-110 pb-90\">\r\n            <div class=\"container\">\r\n                                    <h2 class=\"brand-title text-center mb-50\">\r\n                        <span><span>Thanks to our partners<\/span><\/span>\r\n                    <\/h2>\r\n                                <div class=\"xb-swiper-sliders brand-slider\">\r\n                    <div class=\"xb-carousel-inner\">\r\n                        <div class=\"xb-swiper-container swiper-container\">\r\n                            <div class=\"xb-swiper-wrapper swiper-wrapper\">\r\n                                                                    <div class=\"swiper-slide xb-swiper-slide\">\r\n                                        <a href=\"https:\/\/itotafrica.com\"><img decoding=\"async\" width=\"300\" height=\"77\" src=\"https:\/\/drccold-ccgb.org\/wp-content\/uploads\/2025\/03\/logogreen-300x77.png\" class=\"attachment-medium size-medium\" alt=\"\" srcset=\"https:\/\/drccold-ccgb.org\/wp-content\/uploads\/2025\/03\/logogreen-300x77.png 300w, https:\/\/drccold-ccgb.org\/wp-content\/uploads\/2025\/03\/logogreen-1024x262.png 1024w, https:\/\/drccold-ccgb.org\/wp-content\/uploads\/2025\/03\/logogreen-768x196.png 768w, https:\/\/drccold-ccgb.org\/wp-content\/uploads\/2025\/03\/logogreen-1536x393.png 1536w, https:\/\/drccold-ccgb.org\/wp-content\/uploads\/2025\/03\/logogreen-2048x524.png 2048w\" sizes=\"(max-width: 300px) 100vw, 300px\" \/><\/a>\r\n                                    <\/div>\r\n                                                                    <div class=\"swiper-slide xb-swiper-slide\">\r\n                                        <a href=\"#\"><img decoding=\"async\" width=\"300\" height=\"115\" src=\"https:\/\/drccold-ccgb.org\/wp-content\/uploads\/2025\/03\/logo_fact-300x115.png\" class=\"attachment-medium size-medium\" alt=\"\" srcset=\"https:\/\/drccold-ccgb.org\/wp-content\/uploads\/2025\/03\/logo_fact-300x115.png 300w, https:\/\/drccold-ccgb.org\/wp-content\/uploads\/2025\/03\/logo_fact.png 340w\" sizes=\"(max-width: 300px) 100vw, 300px\" \/><\/a>\r\n                                    <\/div>\r\n                                                                    <div class=\"swiper-slide xb-swiper-slide\">\r\n                                        <a href=\"https:\/\/geopolismagazine.org\/\"><img decoding=\"async\" width=\"172\" height=\"90\" src=\"https:\/\/drccold-ccgb.org\/wp-content\/uploads\/2025\/04\/group-geopo.png\" class=\"attachment-medium size-medium\" alt=\"\" srcset=\"https:\/\/drccold-ccgb.org\/wp-content\/uploads\/2025\/04\/group-geopo.png 172w, https:\/\/drccold-ccgb.org\/wp-content\/uploads\/2025\/04\/group-geopo-18x9.png 18w\" sizes=\"(max-width: 172px) 100vw, 172px\" \/><\/a>\r\n                                    <\/div>\r\n                                                                    <div class=\"swiper-slide xb-swiper-slide\">\r\n                                        <a href=\"https:\/\/tfmofficial.com\/fr\/home\"><img loading=\"lazy\" decoding=\"async\" width=\"196\" height=\"47\" src=\"https:\/\/drccold-ccgb.org\/wp-content\/uploads\/2025\/03\/darklogo.png\" class=\"attachment-medium size-medium\" alt=\"\" \/><\/a>\r\n                                    <\/div>\r\n                                                            <\/div>\r\n                        <\/div>\r\n                    <\/div>\r\n                <\/div>\r\n            <\/div>\r\n        <\/section>\r\n\r\n        \t\t\t\t<\/div>\n\t\t\t\t<\/div>\n\t\t\t\t\t<\/div>\n\t\t<\/div>\n\t\t\t\t\t<\/div>\n\t\t<\/section>\n\t\t\t\t<\/div>","protected":false},"excerpt":{"rendered":"<p>Conf\u00e9rence annuelle 2024 CCGB Cliquez sur le bouton ci-dessous pour en savoir plus sur la conf\u00e9rence, le programme ainsi que la galerie d&rsquo;images. Cliquez ici 2024 Conf\u00e9rence annuelle 2025 CCGB Cette conf\u00e9rence s&rsquo;est tenue \u00e0 Kolwezi du 21 au 23 ao\u00fbt 2025, sous le th\u00e8me : \u00ab Des barrages plus nombreux et plus performants pour [&hellip;]<\/p>","protected":false},"author":1,"featured_media":0,"parent":0,"menu_order":0,"comment_status":"closed","ping_status":"closed","template":"evisa-template.php","meta":{"inline_featured_image":false,"footnotes":""},"class_list":["post-93","page","type-page","status-publish","hentry"],"_links":{"self":[{"href":"https:\/\/drccold-ccgb.org\/en\/wp-json\/wp\/v2\/pages\/93","targetHints":{"allow":["GET"]}}],"collection":[{"href":"https:\/\/drccold-ccgb.org\/en\/wp-json\/wp\/v2\/pages"}],"about":[{"href":"https:\/\/drccold-ccgb.org\/en\/wp-json\/wp\/v2\/types\/page"}],"author":[{"embeddable":true,"href":"https:\/\/drccold-ccgb.org\/en\/wp-json\/wp\/v2\/users\/1"}],"replies":[{"embeddable":true,"href":"https:\/\/drccold-ccgb.org\/en\/wp-json\/wp\/v2\/comments?post=93"}],"version-history":[{"count":89,"href":"https:\/\/drccold-ccgb.org\/en\/wp-json\/wp\/v2\/pages\/93\/revisions"}],"predecessor-version":[{"id":3114,"href":"https:\/\/drccold-ccgb.org\/en\/wp-json\/wp\/v2\/pages\/93\/revisions\/3114"}],"wp:attachment":[{"href":"https:\/\/drccold-ccgb.org\/en\/wp-json\/wp\/v2\/media?parent=93"}],"curies":[{"name":"wp","href":"https:\/\/api.w.org\/{rel}","templated":true}]}}