{"id":2453,"date":"2025-03-02T17:08:13","date_gmt":"2025-03-02T17:08:13","guid":{"rendered":"https:\/\/drccold-ccgb.org\/?page_id=2453"},"modified":"2025-04-19T12:26:40","modified_gmt":"2025-04-19T12:26:40","slug":"team-2-3","status":"publish","type":"page","link":"https:\/\/drccold-ccgb.org\/en\/team-2-3\/","title":{"rendered":"Team 2"},"content":{"rendered":"<div data-elementor-type=\"wp-page\" data-elementor-id=\"2453\" class=\"elementor elementor-2453\" data-elementor-post-type=\"page\">\n\t\t\t\t\t\t<section class=\"elementor-section elementor-top-section elementor-element elementor-element-e5c7f26 elementor-section-boxed elementor-section-height-default elementor-section-height-default\" data-id=\"e5c7f26\" data-element_type=\"section\" data-settings=\"{&quot;background_background&quot;:&quot;classic&quot;}\">\n\t\t\t\t\t\t<div class=\"elementor-container elementor-column-gap-default\">\n\t\t\t\t\t<div class=\"elementor-column elementor-col-100 elementor-top-column elementor-element elementor-element-d915c90\" data-id=\"d915c90\" data-element_type=\"column\">\n\t\t\t<div class=\"elementor-widget-wrap elementor-element-populated\">\n\t\t\t\t\t\t<div class=\"elementor-element elementor-element-c857a85 elementor-widget elementor-widget-int-sec-title\" data-id=\"c857a85\" data-element_type=\"widget\" data-widget_type=\"int-sec-title.default\">\n\t\t\t\t<div class=\"elementor-widget-container\">\n\t\t\t\t\t                <div class=\"sec-title\">\r\n                            <h2 class=\"title wow skewIn\">Current composition  <br>\n<span> of the executive committee<\/span><\/h2>\r\n                    <\/div>\r\n    \t\t\t\t<\/div>\n\t\t\t\t<\/div>\n\t\t\t\t<div class=\"elementor-element elementor-element-a4fece7 elementor-widget elementor-widget-int-team-v2\" data-id=\"a4fece7\" data-element_type=\"widget\" data-widget_type=\"int-team-v2.default\">\n\t\t\t\t<div class=\"elementor-widget-container\">\n\t\t\t\t\t\r\n        <div class=\"row mt-none-30\">\r\n                            <div class=\"col-xl-3 col-lg-4 col-md-6 mt-30\">\r\n                    <div class=\"xb-team text-center\">\r\n                        <div class=\"xb-item--inner\">\r\n                                                            <div class=\"xb-item--img\">\r\n                                    <img fetchpriority=\"high\" decoding=\"async\" width=\"1024\" height=\"986\" src=\"https:\/\/drccold-ccgb.org\/wp-content\/uploads\/2025\/04\/raphael-1024x986.jpg\" class=\"attachment-large size-large\" alt=\"\" srcset=\"https:\/\/drccold-ccgb.org\/wp-content\/uploads\/2025\/04\/raphael-1024x986.jpg 1024w, https:\/\/drccold-ccgb.org\/wp-content\/uploads\/2025\/04\/raphael-300x289.jpg 300w, https:\/\/drccold-ccgb.org\/wp-content\/uploads\/2025\/04\/raphael-768x740.jpg 768w, https:\/\/drccold-ccgb.org\/wp-content\/uploads\/2025\/04\/raphael-12x12.jpg 12w, https:\/\/drccold-ccgb.org\/wp-content\/uploads\/2025\/04\/raphael.jpg 1080w\" sizes=\"(max-width: 1024px) 100vw, 1024px\" \/>                                <\/div>\r\n                                                        <div class=\"xb-item--holder\">\r\n                                                                    <h3 class=\"xb-item--name\"><a\r\n                                                href=\"https:\/\/wp.xpressbuddy.com\/evisa\/team-details\/\">Rapha\u00ebl NKULU KASHALE WA NGOIE<\/a>\r\n                                    <\/h3>\r\n                                                                                                    <span class=\"xb-item--designation\">Chairman<\/span>\r\n                                                            <\/div>\r\n                            <ul class=\"xb-item--social list-unstyled\">\r\n                                                                                                                            <\/ul>\r\n                        <\/div>\r\n                    <\/div>\r\n                <\/div>\r\n                            <div class=\"col-xl-3 col-lg-4 col-md-6 mt-30\">\r\n                    <div class=\"xb-team text-center\">\r\n                        <div class=\"xb-item--inner\">\r\n                                                            <div class=\"xb-item--img\">\r\n                                    <img decoding=\"async\" width=\"939\" height=\"1024\" src=\"https:\/\/drccold-ccgb.org\/wp-content\/uploads\/2025\/03\/WhatsApp-Image-2025-03-30-at-16.33.22-939x1024.jpeg\" class=\"attachment-large size-large\" alt=\"\" srcset=\"https:\/\/drccold-ccgb.org\/wp-content\/uploads\/2025\/03\/WhatsApp-Image-2025-03-30-at-16.33.22-939x1024.jpeg 939w, https:\/\/drccold-ccgb.org\/wp-content\/uploads\/2025\/03\/WhatsApp-Image-2025-03-30-at-16.33.22-275x300.jpeg 275w, https:\/\/drccold-ccgb.org\/wp-content\/uploads\/2025\/03\/WhatsApp-Image-2025-03-30-at-16.33.22-768x838.jpeg 768w, https:\/\/drccold-ccgb.org\/wp-content\/uploads\/2025\/03\/WhatsApp-Image-2025-03-30-at-16.33.22.jpeg 990w\" sizes=\"(max-width: 939px) 100vw, 939px\" \/>                                <\/div>\r\n                                                        <div class=\"xb-item--holder\">\r\n                                                                    <h3 class=\"xb-item--name\"><a\r\n                                                href=\"\"> Herv\u00e9 KUNDULO WA KITAMBO<\/a>\r\n                                    <\/h3>\r\n                                                                                                    <span class=\"xb-item--designation\">Vice-Chairman<\/span>\r\n                                                            <\/div>\r\n                            <ul class=\"xb-item--social list-unstyled\">\r\n                                                                                                    <li><a href=\"https:\/\/www.linkedin.com\/in\/herv%C3%A9-k-wa-kitambo-31620a42\/\"><i\r\n                                                    class=\"fab fa-linkedin-in\"><\/i><\/a><\/li>\r\n                                                                                            <\/ul>\r\n                        <\/div>\r\n                    <\/div>\r\n                <\/div>\r\n                            <div class=\"col-xl-3 col-lg-4 col-md-6 mt-30\">\r\n                    <div class=\"xb-team text-center\">\r\n                        <div class=\"xb-item--inner\">\r\n                                                            <div class=\"xb-item--img\">\r\n                                    <img decoding=\"async\" width=\"1024\" height=\"986\" src=\"https:\/\/drccold-ccgb.org\/wp-content\/uploads\/2025\/04\/pie-1024x986.jpg\" class=\"attachment-large size-large\" alt=\"\" srcset=\"https:\/\/drccold-ccgb.org\/wp-content\/uploads\/2025\/04\/pie-1024x986.jpg 1024w, https:\/\/drccold-ccgb.org\/wp-content\/uploads\/2025\/04\/pie-300x289.jpg 300w, https:\/\/drccold-ccgb.org\/wp-content\/uploads\/2025\/04\/pie-768x740.jpg 768w, https:\/\/drccold-ccgb.org\/wp-content\/uploads\/2025\/04\/pie-12x12.jpg 12w, https:\/\/drccold-ccgb.org\/wp-content\/uploads\/2025\/04\/pie.jpg 1080w\" sizes=\"(max-width: 1024px) 100vw, 1024px\" \/>                                <\/div>\r\n                                                        <div class=\"xb-item--holder\">\r\n                                                                    <h3 class=\"xb-item--name\"><a\r\n                                                href=\"\">Pius Roger Florimond INGANDA BOLUMBE<\/a>\r\n                                    <\/h3>\r\n                                                                                                    <span class=\"xb-item--designation\">General Secretary<\/span>\r\n                                                            <\/div>\r\n                            <ul class=\"xb-item--social list-unstyled\">\r\n                                                                                                                            <\/ul>\r\n                        <\/div>\r\n                    <\/div>\r\n                <\/div>\r\n                            <div class=\"col-xl-3 col-lg-4 col-md-6 mt-30\">\r\n                    <div class=\"xb-team text-center\">\r\n                        <div class=\"xb-item--inner\">\r\n                                                            <div class=\"xb-item--img\">\r\n                                    <img loading=\"lazy\" decoding=\"async\" width=\"1024\" height=\"986\" src=\"https:\/\/drccold-ccgb.org\/wp-content\/uploads\/2025\/04\/elysee-1024x986.jpg\" class=\"attachment-large size-large\" alt=\"\" srcset=\"https:\/\/drccold-ccgb.org\/wp-content\/uploads\/2025\/04\/elysee-1024x986.jpg 1024w, https:\/\/drccold-ccgb.org\/wp-content\/uploads\/2025\/04\/elysee-300x289.jpg 300w, https:\/\/drccold-ccgb.org\/wp-content\/uploads\/2025\/04\/elysee-768x740.jpg 768w, https:\/\/drccold-ccgb.org\/wp-content\/uploads\/2025\/04\/elysee-12x12.jpg 12w, https:\/\/drccold-ccgb.org\/wp-content\/uploads\/2025\/04\/elysee.jpg 1080w\" sizes=\"(max-width: 1024px) 100vw, 1024px\" \/>                                <\/div>\r\n                                                        <div class=\"xb-item--holder\">\r\n                                                                    <h3 class=\"xb-item--name\"><a\r\n                                                href=\"\">Elys\u00e9e KAVULA NGOY<\/a>\r\n                                    <\/h3>\r\n                                                                                                    <span class=\"xb-item--designation\">Mining sector<\/span>\r\n                                                            <\/div>\r\n                            <ul class=\"xb-item--social list-unstyled\">\r\n                                                                                                    <li><a href=\"https:\/\/www.linkedin.com\/in\/elysee-kavula-4a486b78\/\"><i\r\n                                                    class=\"fab fa-linkedin-in\"><\/i><\/a><\/li>\r\n                                                                                            <\/ul>\r\n                        <\/div>\r\n                    <\/div>\r\n                <\/div>\r\n                    <\/div>\r\n        \t\t\t\t<\/div>\n\t\t\t\t<\/div>\n\t\t\t\t\t<\/div>\n\t\t<\/div>\n\t\t\t\t\t<\/div>\n\t\t<\/section>\n\t\t\t\t<\/div>","protected":false},"excerpt":{"rendered":"<p>Current composition of the executive committee Rapha\u00ebl NKULU KASHALE WA NGOIE Chairman Herv\u00e9 KUNDULO WA KITAMBO Vice-Chairman Pie Roger Florimond INGANDA BOLUMBE Secretary General Elys\u00e9e KAVULA NGOY Mining sector<\/p>","protected":false},"author":1,"featured_media":0,"parent":0,"menu_order":0,"comment_status":"closed","ping_status":"closed","template":"evisa-template.php","meta":{"inline_featured_image":false,"footnotes":""},"class_list":["post-2453","page","type-page","status-publish","hentry"],"_links":{"self":[{"href":"https:\/\/drccold-ccgb.org\/en\/wp-json\/wp\/v2\/pages\/2453","targetHints":{"allow":["GET"]}}],"collection":[{"href":"https:\/\/drccold-ccgb.org\/en\/wp-json\/wp\/v2\/pages"}],"about":[{"href":"https:\/\/drccold-ccgb.org\/en\/wp-json\/wp\/v2\/types\/page"}],"author":[{"embeddable":true,"href":"https:\/\/drccold-ccgb.org\/en\/wp-json\/wp\/v2\/users\/1"}],"replies":[{"embeddable":true,"href":"https:\/\/drccold-ccgb.org\/en\/wp-json\/wp\/v2\/comments?post=2453"}],"version-history":[{"count":26,"href":"https:\/\/drccold-ccgb.org\/en\/wp-json\/wp\/v2\/pages\/2453\/revisions"}],"predecessor-version":[{"id":3076,"href":"https:\/\/drccold-ccgb.org\/en\/wp-json\/wp\/v2\/pages\/2453\/revisions\/3076"}],"wp:attachment":[{"href":"https:\/\/drccold-ccgb.org\/en\/wp-json\/wp\/v2\/media?parent=2453"}],"curies":[{"name":"wp","href":"https:\/\/api.w.org\/{rel}","templated":true}]}}